{"id":4444,"date":"2025-12-05T13:09:00","date_gmt":"2025-12-05T13:09:00","guid":{"rendered":"https:\/\/liceodemoguer.com\/?page_id=4444"},"modified":"2026-04-22T13:18:56","modified_gmt":"2026-04-22T13:18:56","slug":"escolania-coral-liceo-moguer-alumbrado-navidad-puerto-huelva-2026","status":"publish","type":"page","link":"http:\/\/liceodemoguer.com\/index.php\/escolania-coral-liceo-moguer-alumbrado-navidad-puerto-huelva-2026\/","title":{"rendered":"Encendido alumbrado navidad puerto huelva 2026 | Escolan\u00eda y Coral del Liceo de Moguer"},"content":{"rendered":"\t\t<div data-elementor-type=\"wp-page\" data-elementor-id=\"4444\" class=\"elementor elementor-4444\">\n\t\t\t\t\t\t\t\t\t<section class=\"elementor-section elementor-top-section elementor-element elementor-element-fc44502 elementor-section-boxed elementor-section-height-default elementor-section-height-default qodef-elementor-content-no\" data-id=\"fc44502\" data-element_type=\"section\">\n\t\t\t\t\t\t<div class=\"elementor-container elementor-column-gap-default\">\n\t\t\t\t\t<div class=\"elementor-column elementor-col-100 elementor-top-column elementor-element elementor-element-ff43ed3\" data-id=\"ff43ed3\" data-element_type=\"column\">\n\t\t\t<div class=\"elementor-widget-wrap elementor-element-populated\">\n\t\t\t\t\t\t\t\t<div class=\"elementor-element elementor-element-77994a8 elementor-widget elementor-widget-heading\" data-id=\"77994a8\" data-element_type=\"widget\" data-widget_type=\"heading.default\">\n\t\t\t\t<div class=\"elementor-widget-container\">\n\t\t\t<style>\/*! elementor - v3.7.4 - 31-08-2022 *\/\n.elementor-heading-title{padding:0;margin:0;line-height:1}.elementor-widget-heading .elementor-heading-title[class*=elementor-size-]>a{color:inherit;font-size:inherit;line-height:inherit}.elementor-widget-heading .elementor-heading-title.elementor-size-small{font-size:15px}.elementor-widget-heading .elementor-heading-title.elementor-size-medium{font-size:19px}.elementor-widget-heading .elementor-heading-title.elementor-size-large{font-size:29px}.elementor-widget-heading .elementor-heading-title.elementor-size-xl{font-size:39px}.elementor-widget-heading .elementor-heading-title.elementor-size-xxl{font-size:59px}<\/style><h2 class=\"elementor-heading-title elementor-size-default\"><h1 style=\"text-align: center;\">\n  La Escolan\u00eda y Coral del Liceo de Moguer en el encendido navide\u00f1o del \n  <a href=\"https:\/\/www.puertohuelva.com\/\" target=\"_blank\" rel=\"noopener noreferrer\">\n    Puerto de Huelva\n  <\/a> 2026\n<\/h1><\/h2>\t\t<\/div>\n\t\t\t\t<\/div>\n\t\t\t\t<div class=\"elementor-element elementor-element-930ba1d elementor-widget elementor-widget-spacer\" data-id=\"930ba1d\" data-element_type=\"widget\" data-widget_type=\"spacer.default\">\n\t\t\t\t<div class=\"elementor-widget-container\">\n\t\t\t<style>\/*! elementor - v3.7.4 - 31-08-2022 *\/\n.elementor-column .elementor-spacer-inner{height:var(--spacer-size)}.e-container{--container-widget-width:100%}.e-container>.elementor-widget-spacer{width:var(--container-widget-width,var(--spacer-size));-ms-flex-item-align:stretch;align-self:stretch;-ms-flex-negative:0;flex-shrink:0}.e-container>.elementor-widget-spacer>.elementor-widget-container,.e-container>.elementor-widget-spacer>.elementor-widget-container>.elementor-spacer{height:100%}.e-container>.elementor-widget-spacer>.elementor-widget-container>.elementor-spacer>.elementor-spacer-inner{height:var(--container-widget-height,var(--spacer-size))}<\/style>\t\t<div class=\"elementor-spacer\">\n\t\t\t<div class=\"elementor-spacer-inner\"><\/div>\n\t\t<\/div>\n\t\t\t\t<\/div>\n\t\t\t\t<\/div>\n\t\t\t\t<div class=\"elementor-element elementor-element-46bf5f8 elementor-widget elementor-widget-text-editor\" data-id=\"46bf5f8\" data-element_type=\"widget\" data-widget_type=\"text-editor.default\">\n\t\t\t\t<div class=\"elementor-widget-container\">\n\t\t\t<style>\/*! elementor - v3.7.4 - 31-08-2022 *\/\n.elementor-widget-text-editor.elementor-drop-cap-view-stacked .elementor-drop-cap{background-color:#818a91;color:#fff}.elementor-widget-text-editor.elementor-drop-cap-view-framed .elementor-drop-cap{color:#818a91;border:3px solid;background-color:transparent}.elementor-widget-text-editor:not(.elementor-drop-cap-view-default) .elementor-drop-cap{margin-top:8px}.elementor-widget-text-editor:not(.elementor-drop-cap-view-default) .elementor-drop-cap-letter{width:1em;height:1em}.elementor-widget-text-editor .elementor-drop-cap{float:left;text-align:center;line-height:1;font-size:50px}.elementor-widget-text-editor .elementor-drop-cap-letter{display:inline-block}<\/style>\t\t\t\t<section>\n\n  <p>\n    El pasado 3 de diciembre, la Escolan\u00eda y la Coral Polif\u00f3nica del Liceo Municipal de la M\u00fasica de Moguer participaron en el encendido del alumbrado navide\u00f1o del \n    <a href=\"https:\/\/www.puertohuelva.com\/\" target=\"_blank\" rel=\"noopener noreferrer\">\n      Puerto de Huelva\n    <\/a>, uno de los eventos m\u00e1s destacados de la programaci\u00f3n navide\u00f1a de la ciudad.\n  <\/p>\n\n  <p>\n    El acto cont\u00f3 con la presencia de la alcaldesa de Huelva, <strong>Pilar Miranda<\/strong>, y del presidente del Puerto de Huelva, <strong>Alberto Santana<\/strong>, quienes fueron los encargados de activar el encendido de las m\u00e1s de 450.000 luces LED que iluminaron el entorno del Paseo de la R\u00eda, creando un ambiente m\u00e1gico y lleno de esp\u00edritu navide\u00f1o.\n  <\/p>\n\n  <p>\n    La velada estuvo acompa\u00f1ada por la actuaci\u00f3n de la Escolan\u00eda y la Coral Polif\u00f3nica del Liceo de Moguer, junto con la participaci\u00f3n como artistas invitados del Coro Rociero Joven de Huelva, que contribuyeron a llenar de m\u00fasica y emoci\u00f3n este momento tan especial.\n  <\/p>\n\n  <h2>Un repertorio lleno de emoci\u00f3n<\/h2>\n\n  <p>\n    Durante la actuaci\u00f3n, el p\u00fablico pudo disfrutar de un repertorio cuidadosamente seleccionado que combin\u00f3 piezas tradicionales y contempor\u00e1neas como <em>A la Nanita Nana<\/em>, <em>Mar\u00eda, \u00bfSabes Qu\u00e9?<\/em>, <em>Si tienes Fe<\/em> o <em>Where Are You Christmas?<\/em>, logrando conectar con los asistentes y crear una atm\u00f3sfera \u00fanica.\n  <\/p>\n\n  <p>\n    Como parte del evento, se ofreci\u00f3 una chocolatada a los asistentes, lo que contribuy\u00f3 a reforzar el car\u00e1cter familiar y cercano de la celebraci\u00f3n, convirtiendo la jornada en una experiencia completa para todos los p\u00fablicos.\n  <\/p>\n\n  <h2>Un evento clave en la Navidad onubense<\/h2>\n\n  <p>\n    El encendido del alumbrado navide\u00f1o del Puerto de Huelva se consolida como una de las citas m\u00e1s importantes del calendario festivo, reuniendo cada a\u00f1o a numerosas familias y visitantes en un espacio emblem\u00e1tico de la ciudad.\n  <\/p>\n\n  <p>\n    La participaci\u00f3n del Liceo de Moguer en este evento refuerza su compromiso con la difusi\u00f3n cultural y la formaci\u00f3n art\u00edstica, formando parte activa de iniciativas que impulsan la vida cultural de la provincia.\n  <\/p>\n\n  <h2>Cultura, m\u00fasica y colaboraci\u00f3n institucional<\/h2>\n\n  <p>\n    Este tipo de iniciativas ponen en valor la colaboraci\u00f3n entre instituciones como el Puerto de Huelva y entidades culturales, generando propuestas de gran impacto social y cultural que enriquecen la Navidad en Huelva.\n  <\/p>\n\n<\/section>\t\t\t\t\t\t<\/div>\n\t\t\t\t<\/div>\n\t\t\t\t<div class=\"elementor-element elementor-element-965af6f elementor-widget elementor-widget-spacer\" data-id=\"965af6f\" data-element_type=\"widget\" data-widget_type=\"spacer.default\">\n\t\t\t\t<div class=\"elementor-widget-container\">\n\t\t\t\t\t<div class=\"elementor-spacer\">\n\t\t\t<div class=\"elementor-spacer-inner\"><\/div>\n\t\t<\/div>\n\t\t\t\t<\/div>\n\t\t\t\t<\/div>\n\t\t\t\t\t<\/div>\n\t\t<\/div>\n\t\t\t\t\t\t\t<\/div>\n\t\t<\/section>\n\t\t\t\t<section class=\"elementor-section elementor-top-section elementor-element elementor-element-d3c4fdf elementor-section-boxed elementor-section-height-default elementor-section-height-default qodef-elementor-content-no\" data-id=\"d3c4fdf\" data-element_type=\"section\">\n\t\t\t\t\t\t<div class=\"elementor-container elementor-column-gap-default\">\n\t\t\t\t\t<div class=\"elementor-column elementor-col-100 elementor-top-column elementor-element elementor-element-f2891ce\" data-id=\"f2891ce\" data-element_type=\"column\">\n\t\t\t<div class=\"elementor-widget-wrap elementor-element-populated\">\n\t\t\t\t\t\t\t\t<div class=\"elementor-element elementor-element-c36c51f elementor-widget elementor-widget-image\" data-id=\"c36c51f\" data-element_type=\"widget\" data-widget_type=\"image.default\">\n\t\t\t\t<div class=\"elementor-widget-container\">\n\t\t\t<style>\/*! elementor - v3.7.4 - 31-08-2022 *\/\n.elementor-widget-image{text-align:center}.elementor-widget-image a{display:inline-block}.elementor-widget-image a img[src$=\".svg\"]{width:48px}.elementor-widget-image img{vertical-align:middle;display:inline-block}<\/style>\t\t\t\t\t\t\t\t\t\t\t\t\t<a href=\"https:\/\/www.puertohuelva.com\/\">\n\t\t\t\t\t\t\t<img loading=\"lazy\" decoding=\"async\" width=\"300\" height=\"73\" src=\"http:\/\/liceodemoguer.com\/wp-content\/uploads\/2026\/04\/Logo-Puerto-Huelva-300x73.png\" class=\"attachment-medium size-medium\" alt=\"\" srcset=\"http:\/\/liceodemoguer.com\/wp-content\/uploads\/2026\/04\/Logo-Puerto-Huelva-300x73.png 300w, http:\/\/liceodemoguer.com\/wp-content\/uploads\/2026\/04\/Logo-Puerto-Huelva.png 591w\" sizes=\"auto, (max-width: 300px) 100vw, 300px\" \/>\t\t\t\t\t\t\t\t<\/a>\n\t\t\t\t\t\t\t\t\t\t\t\t\t\t\t<\/div>\n\t\t\t\t<\/div>\n\t\t\t\t<div class=\"elementor-element elementor-element-382175d elementor-widget elementor-widget-spacer\" data-id=\"382175d\" data-element_type=\"widget\" data-widget_type=\"spacer.default\">\n\t\t\t\t<div class=\"elementor-widget-container\">\n\t\t\t\t\t<div class=\"elementor-spacer\">\n\t\t\t<div class=\"elementor-spacer-inner\"><\/div>\n\t\t<\/div>\n\t\t\t\t<\/div>\n\t\t\t\t<\/div>\n\t\t\t\t\t<\/div>\n\t\t<\/div>\n\t\t\t\t\t\t\t<\/div>\n\t\t<\/section>\n\t\t\t\t\t\t\t<\/div>\n\t\t","protected":false},"excerpt":{"rendered":"<p>La Escolan\u00eda y Coral del Liceo de Moguer en el encendido navide\u00f1o del Puerto de Huelva 2026 El pasado 3 de diciembre, la Escolan\u00eda y la Coral Polif\u00f3nica del Liceo Municipal de la M\u00fasica de Moguer participaron en el encendido del alumbrado navide\u00f1o del Puerto de Huelva , uno de los eventos m\u00e1s destacados de [&hellip;]<\/p>\n","protected":false},"author":1,"featured_media":0,"parent":0,"menu_order":0,"comment_status":"closed","ping_status":"closed","template":"","meta":{"footnotes":""},"class_list":["post-4444","page","type-page","status-publish","hentry"],"yoast_head":"<!-- This site is optimized with the Yoast SEO plugin v23.3 - https:\/\/yoast.com\/wordpress\/plugins\/seo\/ -->\n<title>Encendido alumbrado navidad puerto huelva 2026 | Escolan\u00eda y Coral del Liceo de Moguer - Liceo de Moguer<\/title>\n<meta name=\"description\" content=\"Encendido alumbrado navidad puerto huelva 2026 con la Escolan\u00eda y Coral del Liceo de Moguer en una actuaci\u00f3n llena de emoci\u00f3n.\" \/>\n<meta name=\"robots\" content=\"index, follow, max-snippet:-1, max-image-preview:large, max-video-preview:-1\" \/>\n<link rel=\"canonical\" href=\"https:\/\/liceodemoguer.com\/index.php\/escolania-coral-liceo-moguer-alumbrado-navidad-puerto-huelva-2026\/\" \/>\n<meta property=\"og:locale\" content=\"es_ES\" \/>\n<meta property=\"og:type\" content=\"article\" \/>\n<meta property=\"og:title\" content=\"Encendido alumbrado navidad puerto huelva 2026 | Escolan\u00eda y Coral del Liceo de Moguer - Liceo de Moguer\" \/>\n<meta property=\"og:description\" content=\"Encendido alumbrado navidad puerto huelva 2026 con la Escolan\u00eda y Coral del Liceo de Moguer en una actuaci\u00f3n llena de emoci\u00f3n.\" \/>\n<meta property=\"og:url\" content=\"https:\/\/liceodemoguer.com\/index.php\/escolania-coral-liceo-moguer-alumbrado-navidad-puerto-huelva-2026\/\" \/>\n<meta property=\"og:site_name\" content=\"Liceo de Moguer\" \/>\n<meta property=\"article:modified_time\" content=\"2026-04-22T13:18:56+00:00\" \/>\n<meta property=\"og:image\" content=\"http:\/\/liceodemoguer.com\/wp-content\/uploads\/2026\/04\/Logo-Puerto-Huelva-300x73.png\" \/>\n<meta name=\"twitter:card\" content=\"summary_large_image\" \/>\n<meta name=\"twitter:label1\" content=\"Tiempo de lectura\" \/>\n\t<meta name=\"twitter:data1\" content=\"2 minutos\" \/>\n<script type=\"application\/ld+json\" class=\"yoast-schema-graph\">{\"@context\":\"https:\/\/schema.org\",\"@graph\":[{\"@type\":\"WebPage\",\"@id\":\"https:\/\/liceodemoguer.com\/index.php\/escolania-coral-liceo-moguer-alumbrado-navidad-puerto-huelva-2026\/\",\"url\":\"https:\/\/liceodemoguer.com\/index.php\/escolania-coral-liceo-moguer-alumbrado-navidad-puerto-huelva-2026\/\",\"name\":\"Encendido alumbrado navidad puerto huelva 2026 | Escolan\u00eda y Coral del Liceo de Moguer - Liceo de Moguer\",\"isPartOf\":{\"@id\":\"http:\/\/liceodemoguer.com\/#website\"},\"primaryImageOfPage\":{\"@id\":\"https:\/\/liceodemoguer.com\/index.php\/escolania-coral-liceo-moguer-alumbrado-navidad-puerto-huelva-2026\/#primaryimage\"},\"image\":{\"@id\":\"https:\/\/liceodemoguer.com\/index.php\/escolania-coral-liceo-moguer-alumbrado-navidad-puerto-huelva-2026\/#primaryimage\"},\"thumbnailUrl\":\"http:\/\/liceodemoguer.com\/wp-content\/uploads\/2026\/04\/Logo-Puerto-Huelva-300x73.png\",\"datePublished\":\"2025-12-05T13:09:00+00:00\",\"dateModified\":\"2026-04-22T13:18:56+00:00\",\"description\":\"Encendido alumbrado navidad puerto huelva 2026 con la Escolan\u00eda y Coral del Liceo de Moguer en una actuaci\u00f3n llena de emoci\u00f3n.\",\"breadcrumb\":{\"@id\":\"https:\/\/liceodemoguer.com\/index.php\/escolania-coral-liceo-moguer-alumbrado-navidad-puerto-huelva-2026\/#breadcrumb\"},\"inLanguage\":\"es\",\"potentialAction\":[{\"@type\":\"ReadAction\",\"target\":[\"https:\/\/liceodemoguer.com\/index.php\/escolania-coral-liceo-moguer-alumbrado-navidad-puerto-huelva-2026\/\"]}]},{\"@type\":\"ImageObject\",\"inLanguage\":\"es\",\"@id\":\"https:\/\/liceodemoguer.com\/index.php\/escolania-coral-liceo-moguer-alumbrado-navidad-puerto-huelva-2026\/#primaryimage\",\"url\":\"http:\/\/liceodemoguer.com\/wp-content\/uploads\/2026\/04\/Logo-Puerto-Huelva-300x73.png\",\"contentUrl\":\"http:\/\/liceodemoguer.com\/wp-content\/uploads\/2026\/04\/Logo-Puerto-Huelva-300x73.png\"},{\"@type\":\"BreadcrumbList\",\"@id\":\"https:\/\/liceodemoguer.com\/index.php\/escolania-coral-liceo-moguer-alumbrado-navidad-puerto-huelva-2026\/#breadcrumb\",\"itemListElement\":[{\"@type\":\"ListItem\",\"position\":1,\"name\":\"Portada\",\"item\":\"https:\/\/liceodemoguer.com\/\"},{\"@type\":\"ListItem\",\"position\":2,\"name\":\"Encendido alumbrado navidad puerto huelva 2026 | Escolan\u00eda y Coral del Liceo de Moguer\"}]},{\"@type\":\"WebSite\",\"@id\":\"http:\/\/liceodemoguer.com\/#website\",\"url\":\"http:\/\/liceodemoguer.com\/\",\"name\":\"Liceo de Moguer\",\"description\":\"Escuela Integral de Artes Esc\u00e9nicas\",\"potentialAction\":[{\"@type\":\"SearchAction\",\"target\":{\"@type\":\"EntryPoint\",\"urlTemplate\":\"http:\/\/liceodemoguer.com\/?s={search_term_string}\"},\"query-input\":\"required name=search_term_string\"}],\"inLanguage\":\"es\"}]}<\/script>\n<!-- \/ Yoast SEO plugin. -->","yoast_head_json":{"title":"Encendido alumbrado navidad puerto huelva 2026 | Escolan\u00eda y Coral del Liceo de Moguer - Liceo de Moguer","description":"Encendido alumbrado navidad puerto huelva 2026 con la Escolan\u00eda y Coral del Liceo de Moguer en una actuaci\u00f3n llena de emoci\u00f3n.","robots":{"index":"index","follow":"follow","max-snippet":"max-snippet:-1","max-image-preview":"max-image-preview:large","max-video-preview":"max-video-preview:-1"},"canonical":"https:\/\/liceodemoguer.com\/index.php\/escolania-coral-liceo-moguer-alumbrado-navidad-puerto-huelva-2026\/","og_locale":"es_ES","og_type":"article","og_title":"Encendido alumbrado navidad puerto huelva 2026 | Escolan\u00eda y Coral del Liceo de Moguer - Liceo de Moguer","og_description":"Encendido alumbrado navidad puerto huelva 2026 con la Escolan\u00eda y Coral del Liceo de Moguer en una actuaci\u00f3n llena de emoci\u00f3n.","og_url":"https:\/\/liceodemoguer.com\/index.php\/escolania-coral-liceo-moguer-alumbrado-navidad-puerto-huelva-2026\/","og_site_name":"Liceo de Moguer","article_modified_time":"2026-04-22T13:18:56+00:00","og_image":[{"url":"http:\/\/liceodemoguer.com\/wp-content\/uploads\/2026\/04\/Logo-Puerto-Huelva-300x73.png"}],"twitter_card":"summary_large_image","twitter_misc":{"Tiempo de lectura":"2 minutos"},"schema":{"@context":"https:\/\/schema.org","@graph":[{"@type":"WebPage","@id":"https:\/\/liceodemoguer.com\/index.php\/escolania-coral-liceo-moguer-alumbrado-navidad-puerto-huelva-2026\/","url":"https:\/\/liceodemoguer.com\/index.php\/escolania-coral-liceo-moguer-alumbrado-navidad-puerto-huelva-2026\/","name":"Encendido alumbrado navidad puerto huelva 2026 | Escolan\u00eda y Coral del Liceo de Moguer - Liceo de Moguer","isPartOf":{"@id":"http:\/\/liceodemoguer.com\/#website"},"primaryImageOfPage":{"@id":"https:\/\/liceodemoguer.com\/index.php\/escolania-coral-liceo-moguer-alumbrado-navidad-puerto-huelva-2026\/#primaryimage"},"image":{"@id":"https:\/\/liceodemoguer.com\/index.php\/escolania-coral-liceo-moguer-alumbrado-navidad-puerto-huelva-2026\/#primaryimage"},"thumbnailUrl":"http:\/\/liceodemoguer.com\/wp-content\/uploads\/2026\/04\/Logo-Puerto-Huelva-300x73.png","datePublished":"2025-12-05T13:09:00+00:00","dateModified":"2026-04-22T13:18:56+00:00","description":"Encendido alumbrado navidad puerto huelva 2026 con la Escolan\u00eda y Coral del Liceo de Moguer en una actuaci\u00f3n llena de emoci\u00f3n.","breadcrumb":{"@id":"https:\/\/liceodemoguer.com\/index.php\/escolania-coral-liceo-moguer-alumbrado-navidad-puerto-huelva-2026\/#breadcrumb"},"inLanguage":"es","potentialAction":[{"@type":"ReadAction","target":["https:\/\/liceodemoguer.com\/index.php\/escolania-coral-liceo-moguer-alumbrado-navidad-puerto-huelva-2026\/"]}]},{"@type":"ImageObject","inLanguage":"es","@id":"https:\/\/liceodemoguer.com\/index.php\/escolania-coral-liceo-moguer-alumbrado-navidad-puerto-huelva-2026\/#primaryimage","url":"http:\/\/liceodemoguer.com\/wp-content\/uploads\/2026\/04\/Logo-Puerto-Huelva-300x73.png","contentUrl":"http:\/\/liceodemoguer.com\/wp-content\/uploads\/2026\/04\/Logo-Puerto-Huelva-300x73.png"},{"@type":"BreadcrumbList","@id":"https:\/\/liceodemoguer.com\/index.php\/escolania-coral-liceo-moguer-alumbrado-navidad-puerto-huelva-2026\/#breadcrumb","itemListElement":[{"@type":"ListItem","position":1,"name":"Portada","item":"https:\/\/liceodemoguer.com\/"},{"@type":"ListItem","position":2,"name":"Encendido alumbrado navidad puerto huelva 2026 | Escolan\u00eda y Coral del Liceo de Moguer"}]},{"@type":"WebSite","@id":"http:\/\/liceodemoguer.com\/#website","url":"http:\/\/liceodemoguer.com\/","name":"Liceo de Moguer","description":"Escuela Integral de Artes Esc\u00e9nicas","potentialAction":[{"@type":"SearchAction","target":{"@type":"EntryPoint","urlTemplate":"http:\/\/liceodemoguer.com\/?s={search_term_string}"},"query-input":"required name=search_term_string"}],"inLanguage":"es"}]}},"_links":{"self":[{"href":"http:\/\/liceodemoguer.com\/index.php\/wp-json\/wp\/v2\/pages\/4444","targetHints":{"allow":["GET"]}}],"collection":[{"href":"http:\/\/liceodemoguer.com\/index.php\/wp-json\/wp\/v2\/pages"}],"about":[{"href":"http:\/\/liceodemoguer.com\/index.php\/wp-json\/wp\/v2\/types\/page"}],"author":[{"embeddable":true,"href":"http:\/\/liceodemoguer.com\/index.php\/wp-json\/wp\/v2\/users\/1"}],"replies":[{"embeddable":true,"href":"http:\/\/liceodemoguer.com\/index.php\/wp-json\/wp\/v2\/comments?post=4444"}],"version-history":[{"count":4,"href":"http:\/\/liceodemoguer.com\/index.php\/wp-json\/wp\/v2\/pages\/4444\/revisions"}],"predecessor-version":[{"id":4450,"href":"http:\/\/liceodemoguer.com\/index.php\/wp-json\/wp\/v2\/pages\/4444\/revisions\/4450"}],"wp:attachment":[{"href":"http:\/\/liceodemoguer.com\/index.php\/wp-json\/wp\/v2\/media?parent=4444"}],"curies":[{"name":"wp","href":"https:\/\/api.w.org\/{rel}","templated":true}]}}