{"id":4472,"date":"2025-12-05T15:00:00","date_gmt":"2025-12-05T15:00:00","guid":{"rendered":"https:\/\/liceodemoguer.com\/?page_id=4472"},"modified":"2026-04-22T15:09:03","modified_gmt":"2026-04-22T15:09:03","slug":"entrevista-pablo-martinez-liceo-musica-moguer-alumbrado-navidad-2026","status":"publish","type":"page","link":"http:\/\/liceodemoguer.com\/index.php\/entrevista-pablo-martinez-liceo-musica-moguer-alumbrado-navidad-2026\/","title":{"rendered":"Encendido alumbrado navidad puerto huelva 2026: entrevista a Pablo Mart\u00ednez del Liceo Municipal de la M\u00fasica de Moguer"},"content":{"rendered":"\t\t<div data-elementor-type=\"wp-page\" data-elementor-id=\"4472\" class=\"elementor elementor-4472\">\n\t\t\t\t\t\t\t\t\t<section class=\"elementor-section elementor-top-section elementor-element elementor-element-fd41301 elementor-section-boxed elementor-section-height-default elementor-section-height-default qodef-elementor-content-no\" data-id=\"fd41301\" data-element_type=\"section\">\n\t\t\t\t\t\t<div class=\"elementor-container elementor-column-gap-default\">\n\t\t\t\t\t<div class=\"elementor-column elementor-col-100 elementor-top-column elementor-element elementor-element-d0900fa\" data-id=\"d0900fa\" data-element_type=\"column\">\n\t\t\t<div class=\"elementor-widget-wrap elementor-element-populated\">\n\t\t\t\t\t\t\t\t<div class=\"elementor-element elementor-element-ebacb02 elementor-widget elementor-widget-heading\" data-id=\"ebacb02\" data-element_type=\"widget\" data-widget_type=\"heading.default\">\n\t\t\t\t<div class=\"elementor-widget-container\">\n\t\t\t<style>\/*! elementor - v3.7.4 - 31-08-2022 *\/\n.elementor-heading-title{padding:0;margin:0;line-height:1}.elementor-widget-heading .elementor-heading-title[class*=elementor-size-]>a{color:inherit;font-size:inherit;line-height:inherit}.elementor-widget-heading .elementor-heading-title.elementor-size-small{font-size:15px}.elementor-widget-heading .elementor-heading-title.elementor-size-medium{font-size:19px}.elementor-widget-heading .elementor-heading-title.elementor-size-large{font-size:29px}.elementor-widget-heading .elementor-heading-title.elementor-size-xl{font-size:39px}.elementor-widget-heading .elementor-heading-title.elementor-size-xxl{font-size:59px}<\/style><h2 class=\"elementor-heading-title elementor-size-default\"><h1 style=\"text-align: center;\">\n  Entrevista a Pablo Mart\u00ednez, director del \n  <a href=\"https:\/\/www.puertohuelva.com\/\" target=\"_blank\" rel=\"noopener noreferrer\">\n    encendido navide\u00f1o del Puerto de Huelva\n  <\/a> 2026 y del Liceo Municipal de la M\u00fasica de Moguer\n<\/h1><\/h2>\t\t<\/div>\n\t\t\t\t<\/div>\n\t\t\t\t<div class=\"elementor-element elementor-element-b8eb603 elementor-widget elementor-widget-spacer\" data-id=\"b8eb603\" data-element_type=\"widget\" data-widget_type=\"spacer.default\">\n\t\t\t\t<div class=\"elementor-widget-container\">\n\t\t\t<style>\/*! elementor - v3.7.4 - 31-08-2022 *\/\n.elementor-column .elementor-spacer-inner{height:var(--spacer-size)}.e-container{--container-widget-width:100%}.e-container>.elementor-widget-spacer{width:var(--container-widget-width,var(--spacer-size));-ms-flex-item-align:stretch;align-self:stretch;-ms-flex-negative:0;flex-shrink:0}.e-container>.elementor-widget-spacer>.elementor-widget-container,.e-container>.elementor-widget-spacer>.elementor-widget-container>.elementor-spacer{height:100%}.e-container>.elementor-widget-spacer>.elementor-widget-container>.elementor-spacer>.elementor-spacer-inner{height:var(--container-widget-height,var(--spacer-size))}<\/style>\t\t<div class=\"elementor-spacer\">\n\t\t\t<div class=\"elementor-spacer-inner\"><\/div>\n\t\t<\/div>\n\t\t\t\t<\/div>\n\t\t\t\t<\/div>\n\t\t\t\t<div class=\"elementor-element elementor-element-a79e65b elementor-widget elementor-widget-text-editor\" data-id=\"a79e65b\" data-element_type=\"widget\" data-widget_type=\"text-editor.default\">\n\t\t\t\t<div class=\"elementor-widget-container\">\n\t\t\t<style>\/*! elementor - v3.7.4 - 31-08-2022 *\/\n.elementor-widget-text-editor.elementor-drop-cap-view-stacked .elementor-drop-cap{background-color:#818a91;color:#fff}.elementor-widget-text-editor.elementor-drop-cap-view-framed .elementor-drop-cap{color:#818a91;border:3px solid;background-color:transparent}.elementor-widget-text-editor:not(.elementor-drop-cap-view-default) .elementor-drop-cap{margin-top:8px}.elementor-widget-text-editor:not(.elementor-drop-cap-view-default) .elementor-drop-cap-letter{width:1em;height:1em}.elementor-widget-text-editor .elementor-drop-cap{float:left;text-align:center;line-height:1;font-size:50px}.elementor-widget-text-editor .elementor-drop-cap-letter{display:inline-block}<\/style>\t\t\t\t<section><p>Con motivo del encendido alumbrado navidad puerto huelva 2026, hablamos con Pablo Mart\u00ednez, director de la Coral Polif\u00f3nica y de la Escolan\u00eda del <strong>Liceo Municipal de la M\u00fasica de Moguer<\/strong>, adem\u00e1s de profesor de piano desde hace m\u00e1s de 20 a\u00f1os y director del centro educativo. Una conversaci\u00f3n cercana en la que repasamos el repertorio, el trabajo con el alumnado y el valor educativo de la m\u00fasica coral.<\/p><p>El evento, celebrado en el\u00a0<a href=\"https:\/\/www.puertohuelva.com\/\" target=\"_blank\" rel=\"noopener noreferrer\">Puerto de Huelva<\/a>, reuni\u00f3 a numerosos asistentes en una noche donde la m\u00fasica y la iluminaci\u00f3n se unieron para dar la bienvenida a la Navidad.<\/p><p><strong>\u00bfQu\u00e9 ha supuesto para vosotros participar en el encendido alumbrado navidad puerto huelva 2026?<\/strong><\/p><p>Ha sido una experiencia muy especial. No es solo actuar, es formar parte de un momento importante para la ciudad. El entorno, la iluminaci\u00f3n, el p\u00fablico\u2026 todo acompa\u00f1a para que la m\u00fasica tenga un impacto emocional mayor.<\/p><p>\u00a0<\/p><p><strong>Llevas m\u00e1s de 20 a\u00f1os en el Liceo Municipal de la M\u00fasica de Moguer. \u00bfC\u00f3mo ha sido trabajar con la Escolan\u00eda y la Coral en un evento as\u00ed?<\/strong><\/p><p>Muy enriquecedor. Trabajamos con un rango de edades muy amplio, desde ni\u00f1os peque\u00f1os hasta adultos, y eso genera algo muy bonito: aprendizaje compartido. Los peque\u00f1os aprenden de los mayores y los mayores se contagian de la frescura de los ni\u00f1os.<\/p><p>A nivel educativo es muy potente, porque no solo trabajamos la m\u00fasica, sino valores como el compromiso, la escucha, el trabajo en equipo y la responsabilidad dentro de un grupo.<\/p><p>\u00a0<\/p><p><strong>El repertorio ha sido muy variado. Empezando por \u201cA la Nanita Nana\u201d, \u00bfqu\u00e9 aporta esta obra?<\/strong><\/p><p>Es una pieza muy especial. Aunque naci\u00f3 como canci\u00f3n de cuna, se ha convertido en un cl\u00e1sico navide\u00f1o. Tiene una delicadeza enorme, ese balanceo t\u00edpico de las nanas, y crea un ambiente \u00edntimo que conecta muy bien con el p\u00fablico.<\/p><p>\u00a0<\/p><p><strong>Tambi\u00e9n interpretasteis \u201cDios Nos Bendecir\u00e1\u201d.<\/strong><\/p><p>Es una obra muy cinematogr\u00e1fica, con una carga emocional muy fuerte. Habla de esperanza y de uni\u00f3n, algo muy propio de estas fechas. Adem\u00e1s, musicalmente va creciendo poco a poco, lo que hace que en directo tenga mucho impacto.<\/p><p>\u00a0<\/p><p><strong>\u201cD\u00f3nde Est\u00e1s Navidad\u201d es una pieza muy conocida. \u00bfQu\u00e9 significa dentro del programa?<\/strong><\/p><p>Es una canci\u00f3n muy interesante porque habla de la nostalgia, de c\u00f3mo cambia la Navidad con el tiempo. Tiene ese punto emocional que conecta mucho con el p\u00fablico adulto, pero tambi\u00e9n con los j\u00f3venes.<\/p><p>\u00a0<\/p><p><strong>\u201cEt in terra pax\u201d aporta un car\u00e1cter diferente.<\/strong><\/p><p>Totalmente. Es una pieza m\u00e1s contemplativa, m\u00e1s espiritual. Nos gusta incluir este tipo de obras porque generan contraste dentro del concierto y permiten al p\u00fablico vivir un momento de calma.<\/p><p>\u00a0<\/p><p><strong>\u201cMar\u00eda, \u00bfSabes Qu\u00e9?\u201d es otro momento clave.<\/strong><\/p><p>Es una canci\u00f3n muy \u00edntima, casi como una conversaci\u00f3n. Tiene una carga emocional muy directa y permite trabajar mucho la expresividad del coro.<\/p><p>\u00a0<\/p><p><strong>En \u201cRey de Navidad\u201d cambia el ambiente.<\/strong><\/p><p>S\u00ed, es una obra m\u00e1s luminosa, m\u00e1s festiva. Tiene ese car\u00e1cter celebrativo que equilibra el programa y conecta muy bien con el p\u00fablico.<\/p><p>\u00a0<\/p><p><strong>\u201cSi tienes Fe\u201d es un cl\u00e1sico moderno.<\/strong><\/p><p>Es un himno. Habla de creer incluso cuando no ves el resultado. Musicalmente tiene un crescendo muy potente y siempre emociona mucho.<\/p><p>\u00a0<\/p><p><strong>Y para cerrar, \u201cThere Is Peace\u201d.<\/strong><\/p><p>Es una obra muy sencilla pero muy profunda. Habla de la paz interior y de c\u00f3mo se transmite. Es perfecta para cerrar con un mensaje claro y universal.<\/p><p>\u00a0<\/p><p><strong>M\u00e1s all\u00e1 de la m\u00fasica, \u00bfqu\u00e9 destacas del evento?<\/strong><\/p><p>El ambiente, la participaci\u00f3n del Coro Rociero Joven de Huelva y detalles como la chocolatada hacen que no sea solo un concierto, sino una experiencia completa.<\/p><p>\u00a0<\/p><p><strong>\u00bfQu\u00e9 aporta este tipo de eventos al alumnado?<\/strong><\/p><p>Much\u00edsimo. Les da motivaci\u00f3n, experiencia real y la sensaci\u00f3n de formar parte de algo importante. Eso no se consigue solo en el aula.<\/p><p>El encendido alumbrado navidad puerto huelva 2026 ha sido, sin duda, una oportunidad para seguir creciendo como grupo y para compartir la m\u00fasica con la sociedad, que es al final el objetivo principal del <strong>Liceo Municipal de la M\u00fasica de Moguer<\/strong>.<\/p><\/section>\t\t\t\t\t\t<\/div>\n\t\t\t\t<\/div>\n\t\t\t\t<div class=\"elementor-element elementor-element-56c0bbd elementor-widget elementor-widget-spacer\" data-id=\"56c0bbd\" data-element_type=\"widget\" data-widget_type=\"spacer.default\">\n\t\t\t\t<div class=\"elementor-widget-container\">\n\t\t\t\t\t<div class=\"elementor-spacer\">\n\t\t\t<div class=\"elementor-spacer-inner\"><\/div>\n\t\t<\/div>\n\t\t\t\t<\/div>\n\t\t\t\t<\/div>\n\t\t\t\t<div class=\"elementor-element elementor-element-6576121 elementor-widget elementor-widget-image\" data-id=\"6576121\" data-element_type=\"widget\" data-widget_type=\"image.default\">\n\t\t\t\t<div class=\"elementor-widget-container\">\n\t\t\t<style>\/*! elementor - v3.7.4 - 31-08-2022 *\/\n.elementor-widget-image{text-align:center}.elementor-widget-image a{display:inline-block}.elementor-widget-image a img[src$=\".svg\"]{width:48px}.elementor-widget-image img{vertical-align:middle;display:inline-block}<\/style>\t\t\t\t\t\t\t\t\t\t\t\t<img loading=\"lazy\" decoding=\"async\" width=\"1024\" height=\"682\" src=\"http:\/\/liceodemoguer.com\/wp-content\/uploads\/2026\/04\/Pablo-Martinez-Dirige-al-coro-mientras-toca-el-piano-1024x682.webp\" class=\"attachment-large size-large\" alt=\"\" srcset=\"http:\/\/liceodemoguer.com\/wp-content\/uploads\/2026\/04\/Pablo-Martinez-Dirige-al-coro-mientras-toca-el-piano-1024x682.webp 1024w, http:\/\/liceodemoguer.com\/wp-content\/uploads\/2026\/04\/Pablo-Martinez-Dirige-al-coro-mientras-toca-el-piano-300x200.webp 300w, http:\/\/liceodemoguer.com\/wp-content\/uploads\/2026\/04\/Pablo-Martinez-Dirige-al-coro-mientras-toca-el-piano-768x512.webp 768w, http:\/\/liceodemoguer.com\/wp-content\/uploads\/2026\/04\/Pablo-Martinez-Dirige-al-coro-mientras-toca-el-piano-1536x1023.webp 1536w, http:\/\/liceodemoguer.com\/wp-content\/uploads\/2026\/04\/Pablo-Martinez-Dirige-al-coro-mientras-toca-el-piano.webp 1600w\" sizes=\"auto, (max-width: 1024px) 100vw, 1024px\" \/>\t\t\t\t\t\t\t\t\t\t\t\t\t\t\t<\/div>\n\t\t\t\t<\/div>\n\t\t\t\t<div class=\"elementor-element elementor-element-3dc07d1 elementor-widget elementor-widget-spacer\" data-id=\"3dc07d1\" data-element_type=\"widget\" data-widget_type=\"spacer.default\">\n\t\t\t\t<div class=\"elementor-widget-container\">\n\t\t\t\t\t<div class=\"elementor-spacer\">\n\t\t\t<div class=\"elementor-spacer-inner\"><\/div>\n\t\t<\/div>\n\t\t\t\t<\/div>\n\t\t\t\t<\/div>\n\t\t\t\t\t<\/div>\n\t\t<\/div>\n\t\t\t\t\t\t\t<\/div>\n\t\t<\/section>\n\t\t\t\t<section class=\"elementor-section elementor-top-section elementor-element elementor-element-46aacbe elementor-section-boxed elementor-section-height-default elementor-section-height-default qodef-elementor-content-no\" data-id=\"46aacbe\" data-element_type=\"section\">\n\t\t\t\t\t\t<div class=\"elementor-container elementor-column-gap-default\">\n\t\t\t\t\t<div class=\"elementor-column elementor-col-50 elementor-top-column elementor-element elementor-element-d5fe191\" data-id=\"d5fe191\" data-element_type=\"column\">\n\t\t\t<div class=\"elementor-widget-wrap elementor-element-populated\">\n\t\t\t\t\t\t\t\t<div class=\"elementor-element elementor-element-2870352 elementor-widget elementor-widget-image\" data-id=\"2870352\" data-element_type=\"widget\" data-widget_type=\"image.default\">\n\t\t\t\t<div class=\"elementor-widget-container\">\n\t\t\t\t\t\t\t\t\t\t\t\t\t\t\t<img loading=\"lazy\" decoding=\"async\" width=\"591\" height=\"143\" src=\"http:\/\/liceodemoguer.com\/wp-content\/uploads\/2026\/04\/Logo-Puerto-Huelva.png\" class=\"attachment-medium_large size-medium_large\" alt=\"\" srcset=\"http:\/\/liceodemoguer.com\/wp-content\/uploads\/2026\/04\/Logo-Puerto-Huelva.png 591w, http:\/\/liceodemoguer.com\/wp-content\/uploads\/2026\/04\/Logo-Puerto-Huelva-300x73.png 300w\" sizes=\"auto, (max-width: 591px) 100vw, 591px\" \/>\t\t\t\t\t\t\t\t\t\t\t\t\t\t\t<\/div>\n\t\t\t\t<\/div>\n\t\t\t\t\t<\/div>\n\t\t<\/div>\n\t\t\t\t<div class=\"elementor-column elementor-col-50 elementor-top-column elementor-element elementor-element-0fe639a\" data-id=\"0fe639a\" data-element_type=\"column\">\n\t\t\t<div class=\"elementor-widget-wrap elementor-element-populated\">\n\t\t\t\t\t\t\t\t<div class=\"elementor-element elementor-element-7367070 elementor-widget elementor-widget-image\" data-id=\"7367070\" data-element_type=\"widget\" data-widget_type=\"image.default\">\n\t\t\t\t<div class=\"elementor-widget-container\">\n\t\t\t\t\t\t\t\t\t\t\t\t\t\t\t<img loading=\"lazy\" decoding=\"async\" width=\"768\" height=\"385\" src=\"http:\/\/liceodemoguer.com\/wp-content\/uploads\/2022\/09\/Logo-Liceo-2021-768x385.png\" class=\"attachment-medium_large size-medium_large\" alt=\"\" srcset=\"http:\/\/liceodemoguer.com\/wp-content\/uploads\/2022\/09\/Logo-Liceo-2021-768x385.png 768w, http:\/\/liceodemoguer.com\/wp-content\/uploads\/2022\/09\/Logo-Liceo-2021-300x150.png 300w, http:\/\/liceodemoguer.com\/wp-content\/uploads\/2022\/09\/Logo-Liceo-2021-1024x513.png 1024w, http:\/\/liceodemoguer.com\/wp-content\/uploads\/2022\/09\/Logo-Liceo-2021-1536x770.png 1536w, http:\/\/liceodemoguer.com\/wp-content\/uploads\/2022\/09\/Logo-Liceo-2021-2048x1027.png 2048w, http:\/\/liceodemoguer.com\/wp-content\/uploads\/2022\/09\/Logo-Liceo-2021-1300x650.png 1300w\" sizes=\"auto, (max-width: 768px) 100vw, 768px\" \/>\t\t\t\t\t\t\t\t\t\t\t\t\t\t\t<\/div>\n\t\t\t\t<\/div>\n\t\t\t\t\t<\/div>\n\t\t<\/div>\n\t\t\t\t\t\t\t<\/div>\n\t\t<\/section>\n\t\t\t\t\t\t\t<\/div>\n\t\t","protected":false},"excerpt":{"rendered":"<p>Entrevista a Pablo Mart\u00ednez, director del encendido navide\u00f1o del Puerto de Huelva 2026 y del Liceo Municipal de la M\u00fasica de Moguer Con motivo del encendido alumbrado navidad puerto huelva 2026, hablamos con Pablo Mart\u00ednez, director de la Coral Polif\u00f3nica y de la Escolan\u00eda del Liceo Municipal de la M\u00fasica de Moguer, adem\u00e1s de profesor [&hellip;]<\/p>\n","protected":false},"author":1,"featured_media":0,"parent":0,"menu_order":0,"comment_status":"closed","ping_status":"closed","template":"","meta":{"footnotes":""},"class_list":["post-4472","page","type-page","status-publish","hentry"],"yoast_head":"<!-- This site is optimized with the Yoast SEO plugin v23.3 - https:\/\/yoast.com\/wordpress\/plugins\/seo\/ -->\n<title>Encendido alumbrado navidad puerto huelva 2026: entrevista a Pablo Mart\u00ednez del Liceo Municipal de la M\u00fasica de Moguer - Liceo de Moguer<\/title>\n<meta name=\"description\" content=\"Encendido alumbrado navidad puerto huelva 2026 en entrevista con Pablo Mart\u00ednez, director del Liceo Municipal de la M\u00fasica de Moguer.\" \/>\n<meta name=\"robots\" content=\"index, follow, max-snippet:-1, max-image-preview:large, max-video-preview:-1\" \/>\n<link rel=\"canonical\" href=\"https:\/\/liceodemoguer.com\/index.php\/entrevista-pablo-martinez-liceo-musica-moguer-alumbrado-navidad-2026\/\" \/>\n<meta property=\"og:locale\" content=\"es_ES\" \/>\n<meta property=\"og:type\" content=\"article\" \/>\n<meta property=\"og:title\" content=\"Encendido alumbrado navidad puerto huelva 2026: entrevista a Pablo Mart\u00ednez del Liceo Municipal de la M\u00fasica de Moguer - Liceo de Moguer\" \/>\n<meta property=\"og:description\" content=\"Encendido alumbrado navidad puerto huelva 2026 en entrevista con Pablo Mart\u00ednez, director del Liceo Municipal de la M\u00fasica de Moguer.\" \/>\n<meta property=\"og:url\" content=\"https:\/\/liceodemoguer.com\/index.php\/entrevista-pablo-martinez-liceo-musica-moguer-alumbrado-navidad-2026\/\" \/>\n<meta property=\"og:site_name\" content=\"Liceo de Moguer\" \/>\n<meta property=\"article:modified_time\" content=\"2026-04-22T15:09:03+00:00\" \/>\n<meta property=\"og:image\" content=\"http:\/\/liceodemoguer.com\/wp-content\/uploads\/2026\/04\/Pablo-Martinez-Dirige-al-coro-mientras-toca-el-piano-1024x682.webp\" \/>\n<meta name=\"twitter:card\" content=\"summary_large_image\" \/>\n<meta name=\"twitter:label1\" content=\"Tiempo de lectura\" \/>\n\t<meta name=\"twitter:data1\" content=\"4 minutos\" \/>\n<script type=\"application\/ld+json\" class=\"yoast-schema-graph\">{\"@context\":\"https:\/\/schema.org\",\"@graph\":[{\"@type\":\"WebPage\",\"@id\":\"https:\/\/liceodemoguer.com\/index.php\/entrevista-pablo-martinez-liceo-musica-moguer-alumbrado-navidad-2026\/\",\"url\":\"https:\/\/liceodemoguer.com\/index.php\/entrevista-pablo-martinez-liceo-musica-moguer-alumbrado-navidad-2026\/\",\"name\":\"Encendido alumbrado navidad puerto huelva 2026: entrevista a Pablo Mart\u00ednez del Liceo Municipal de la M\u00fasica de Moguer - Liceo de Moguer\",\"isPartOf\":{\"@id\":\"http:\/\/liceodemoguer.com\/#website\"},\"primaryImageOfPage\":{\"@id\":\"https:\/\/liceodemoguer.com\/index.php\/entrevista-pablo-martinez-liceo-musica-moguer-alumbrado-navidad-2026\/#primaryimage\"},\"image\":{\"@id\":\"https:\/\/liceodemoguer.com\/index.php\/entrevista-pablo-martinez-liceo-musica-moguer-alumbrado-navidad-2026\/#primaryimage\"},\"thumbnailUrl\":\"http:\/\/liceodemoguer.com\/wp-content\/uploads\/2026\/04\/Pablo-Martinez-Dirige-al-coro-mientras-toca-el-piano-1024x682.webp\",\"datePublished\":\"2025-12-05T15:00:00+00:00\",\"dateModified\":\"2026-04-22T15:09:03+00:00\",\"description\":\"Encendido alumbrado navidad puerto huelva 2026 en entrevista con Pablo Mart\u00ednez, director del Liceo Municipal de la M\u00fasica de Moguer.\",\"breadcrumb\":{\"@id\":\"https:\/\/liceodemoguer.com\/index.php\/entrevista-pablo-martinez-liceo-musica-moguer-alumbrado-navidad-2026\/#breadcrumb\"},\"inLanguage\":\"es\",\"potentialAction\":[{\"@type\":\"ReadAction\",\"target\":[\"https:\/\/liceodemoguer.com\/index.php\/entrevista-pablo-martinez-liceo-musica-moguer-alumbrado-navidad-2026\/\"]}]},{\"@type\":\"ImageObject\",\"inLanguage\":\"es\",\"@id\":\"https:\/\/liceodemoguer.com\/index.php\/entrevista-pablo-martinez-liceo-musica-moguer-alumbrado-navidad-2026\/#primaryimage\",\"url\":\"http:\/\/liceodemoguer.com\/wp-content\/uploads\/2026\/04\/Pablo-Martinez-Dirige-al-coro-mientras-toca-el-piano-1024x682.webp\",\"contentUrl\":\"http:\/\/liceodemoguer.com\/wp-content\/uploads\/2026\/04\/Pablo-Martinez-Dirige-al-coro-mientras-toca-el-piano-1024x682.webp\"},{\"@type\":\"BreadcrumbList\",\"@id\":\"https:\/\/liceodemoguer.com\/index.php\/entrevista-pablo-martinez-liceo-musica-moguer-alumbrado-navidad-2026\/#breadcrumb\",\"itemListElement\":[{\"@type\":\"ListItem\",\"position\":1,\"name\":\"Portada\",\"item\":\"https:\/\/liceodemoguer.com\/\"},{\"@type\":\"ListItem\",\"position\":2,\"name\":\"Encendido alumbrado navidad puerto huelva 2026: entrevista a Pablo Mart\u00ednez del Liceo Municipal de la M\u00fasica de Moguer\"}]},{\"@type\":\"WebSite\",\"@id\":\"http:\/\/liceodemoguer.com\/#website\",\"url\":\"http:\/\/liceodemoguer.com\/\",\"name\":\"Liceo de Moguer\",\"description\":\"Escuela Integral de Artes Esc\u00e9nicas\",\"potentialAction\":[{\"@type\":\"SearchAction\",\"target\":{\"@type\":\"EntryPoint\",\"urlTemplate\":\"http:\/\/liceodemoguer.com\/?s={search_term_string}\"},\"query-input\":\"required name=search_term_string\"}],\"inLanguage\":\"es\"}]}<\/script>\n<!-- \/ Yoast SEO plugin. -->","yoast_head_json":{"title":"Encendido alumbrado navidad puerto huelva 2026: entrevista a Pablo Mart\u00ednez del Liceo Municipal de la M\u00fasica de Moguer - Liceo de Moguer","description":"Encendido alumbrado navidad puerto huelva 2026 en entrevista con Pablo Mart\u00ednez, director del Liceo Municipal de la M\u00fasica de Moguer.","robots":{"index":"index","follow":"follow","max-snippet":"max-snippet:-1","max-image-preview":"max-image-preview:large","max-video-preview":"max-video-preview:-1"},"canonical":"https:\/\/liceodemoguer.com\/index.php\/entrevista-pablo-martinez-liceo-musica-moguer-alumbrado-navidad-2026\/","og_locale":"es_ES","og_type":"article","og_title":"Encendido alumbrado navidad puerto huelva 2026: entrevista a Pablo Mart\u00ednez del Liceo Municipal de la M\u00fasica de Moguer - Liceo de Moguer","og_description":"Encendido alumbrado navidad puerto huelva 2026 en entrevista con Pablo Mart\u00ednez, director del Liceo Municipal de la M\u00fasica de Moguer.","og_url":"https:\/\/liceodemoguer.com\/index.php\/entrevista-pablo-martinez-liceo-musica-moguer-alumbrado-navidad-2026\/","og_site_name":"Liceo de Moguer","article_modified_time":"2026-04-22T15:09:03+00:00","og_image":[{"url":"http:\/\/liceodemoguer.com\/wp-content\/uploads\/2026\/04\/Pablo-Martinez-Dirige-al-coro-mientras-toca-el-piano-1024x682.webp"}],"twitter_card":"summary_large_image","twitter_misc":{"Tiempo de lectura":"4 minutos"},"schema":{"@context":"https:\/\/schema.org","@graph":[{"@type":"WebPage","@id":"https:\/\/liceodemoguer.com\/index.php\/entrevista-pablo-martinez-liceo-musica-moguer-alumbrado-navidad-2026\/","url":"https:\/\/liceodemoguer.com\/index.php\/entrevista-pablo-martinez-liceo-musica-moguer-alumbrado-navidad-2026\/","name":"Encendido alumbrado navidad puerto huelva 2026: entrevista a Pablo Mart\u00ednez del Liceo Municipal de la M\u00fasica de Moguer - Liceo de Moguer","isPartOf":{"@id":"http:\/\/liceodemoguer.com\/#website"},"primaryImageOfPage":{"@id":"https:\/\/liceodemoguer.com\/index.php\/entrevista-pablo-martinez-liceo-musica-moguer-alumbrado-navidad-2026\/#primaryimage"},"image":{"@id":"https:\/\/liceodemoguer.com\/index.php\/entrevista-pablo-martinez-liceo-musica-moguer-alumbrado-navidad-2026\/#primaryimage"},"thumbnailUrl":"http:\/\/liceodemoguer.com\/wp-content\/uploads\/2026\/04\/Pablo-Martinez-Dirige-al-coro-mientras-toca-el-piano-1024x682.webp","datePublished":"2025-12-05T15:00:00+00:00","dateModified":"2026-04-22T15:09:03+00:00","description":"Encendido alumbrado navidad puerto huelva 2026 en entrevista con Pablo Mart\u00ednez, director del Liceo Municipal de la M\u00fasica de Moguer.","breadcrumb":{"@id":"https:\/\/liceodemoguer.com\/index.php\/entrevista-pablo-martinez-liceo-musica-moguer-alumbrado-navidad-2026\/#breadcrumb"},"inLanguage":"es","potentialAction":[{"@type":"ReadAction","target":["https:\/\/liceodemoguer.com\/index.php\/entrevista-pablo-martinez-liceo-musica-moguer-alumbrado-navidad-2026\/"]}]},{"@type":"ImageObject","inLanguage":"es","@id":"https:\/\/liceodemoguer.com\/index.php\/entrevista-pablo-martinez-liceo-musica-moguer-alumbrado-navidad-2026\/#primaryimage","url":"http:\/\/liceodemoguer.com\/wp-content\/uploads\/2026\/04\/Pablo-Martinez-Dirige-al-coro-mientras-toca-el-piano-1024x682.webp","contentUrl":"http:\/\/liceodemoguer.com\/wp-content\/uploads\/2026\/04\/Pablo-Martinez-Dirige-al-coro-mientras-toca-el-piano-1024x682.webp"},{"@type":"BreadcrumbList","@id":"https:\/\/liceodemoguer.com\/index.php\/entrevista-pablo-martinez-liceo-musica-moguer-alumbrado-navidad-2026\/#breadcrumb","itemListElement":[{"@type":"ListItem","position":1,"name":"Portada","item":"https:\/\/liceodemoguer.com\/"},{"@type":"ListItem","position":2,"name":"Encendido alumbrado navidad puerto huelva 2026: entrevista a Pablo Mart\u00ednez del Liceo Municipal de la M\u00fasica de Moguer"}]},{"@type":"WebSite","@id":"http:\/\/liceodemoguer.com\/#website","url":"http:\/\/liceodemoguer.com\/","name":"Liceo de Moguer","description":"Escuela Integral de Artes Esc\u00e9nicas","potentialAction":[{"@type":"SearchAction","target":{"@type":"EntryPoint","urlTemplate":"http:\/\/liceodemoguer.com\/?s={search_term_string}"},"query-input":"required name=search_term_string"}],"inLanguage":"es"}]}},"_links":{"self":[{"href":"http:\/\/liceodemoguer.com\/index.php\/wp-json\/wp\/v2\/pages\/4472","targetHints":{"allow":["GET"]}}],"collection":[{"href":"http:\/\/liceodemoguer.com\/index.php\/wp-json\/wp\/v2\/pages"}],"about":[{"href":"http:\/\/liceodemoguer.com\/index.php\/wp-json\/wp\/v2\/types\/page"}],"author":[{"embeddable":true,"href":"http:\/\/liceodemoguer.com\/index.php\/wp-json\/wp\/v2\/users\/1"}],"replies":[{"embeddable":true,"href":"http:\/\/liceodemoguer.com\/index.php\/wp-json\/wp\/v2\/comments?post=4472"}],"version-history":[{"count":4,"href":"http:\/\/liceodemoguer.com\/index.php\/wp-json\/wp\/v2\/pages\/4472\/revisions"}],"predecessor-version":[{"id":4479,"href":"http:\/\/liceodemoguer.com\/index.php\/wp-json\/wp\/v2\/pages\/4472\/revisions\/4479"}],"wp:attachment":[{"href":"http:\/\/liceodemoguer.com\/index.php\/wp-json\/wp\/v2\/media?parent=4472"}],"curies":[{"name":"wp","href":"https:\/\/api.w.org\/{rel}","templated":true}]}}