{"id":4353,"date":"2026-03-23T11:37:54","date_gmt":"2026-03-23T11:37:54","guid":{"rendered":"https:\/\/liceodemoguer.com\/?page_id=4353"},"modified":"2026-03-23T11:41:40","modified_gmt":"2026-03-23T11:41:40","slug":"prensa-liceo-de-moguer","status":"publish","type":"page","link":"https:\/\/liceodemoguer.com\/index.php\/prensa-liceo-de-moguer\/","title":{"rendered":"Prensa Liceo de Moguer"},"content":{"rendered":"\t\t<div data-elementor-type=\"wp-page\" data-elementor-id=\"4353\" class=\"elementor elementor-4353\">\n\t\t\t\t\t\t\t\t\t<section class=\"elementor-section elementor-top-section elementor-element elementor-element-0058663 elementor-section-boxed elementor-section-height-default elementor-section-height-default qodef-elementor-content-no\" data-id=\"0058663\" data-element_type=\"section\">\n\t\t\t\t\t\t<div class=\"elementor-container elementor-column-gap-default\">\n\t\t\t\t\t<div class=\"elementor-column elementor-col-100 elementor-top-column elementor-element elementor-element-6d2ba48\" data-id=\"6d2ba48\" data-element_type=\"column\">\n\t\t\t<div class=\"elementor-widget-wrap elementor-element-populated\">\n\t\t\t\t\t\t\t\t<div class=\"elementor-element elementor-element-f3b7039 elementor-widget elementor-widget-text-editor\" data-id=\"f3b7039\" data-element_type=\"widget\" data-widget_type=\"text-editor.default\">\n\t\t\t\t<div class=\"elementor-widget-container\">\n\t\t\t<style>\/*! elementor - v3.7.4 - 31-08-2022 *\/\n.elementor-widget-text-editor.elementor-drop-cap-view-stacked .elementor-drop-cap{background-color:#818a91;color:#fff}.elementor-widget-text-editor.elementor-drop-cap-view-framed .elementor-drop-cap{color:#818a91;border:3px solid;background-color:transparent}.elementor-widget-text-editor:not(.elementor-drop-cap-view-default) .elementor-drop-cap{margin-top:8px}.elementor-widget-text-editor:not(.elementor-drop-cap-view-default) .elementor-drop-cap-letter{width:1em;height:1em}.elementor-widget-text-editor .elementor-drop-cap{float:left;text-align:center;line-height:1;font-size:50px}.elementor-widget-text-editor .elementor-drop-cap-letter{display:inline-block}<\/style>\t\t\t\t<section class=\"prensa-liceo-cabecera\">\n  \n  <h1 style=\"text-align: center;\">\n    Prensa del Liceo de Moguer: impacto en medios y repercusi\u00f3n cultural\n  <\/h1>\n  \n  <h2 style=\"text-align: justify;\">\n    Presencia en prensa, entrevistas y cobertura medi\u00e1tica del Liceo de Moguer en Huelva y provincia\n  <\/h2>\n  \n  <p style=\"text-align: justify;\">\n    El Liceo de Moguer desarrolla una intensa actividad cultural, educativa y art\u00edstica que ha generado una destacada presencia en medios de comunicaci\u00f3n.\n  <\/p>\n  \n  <p style=\"text-align: justify;\">\n    En esta secci\u00f3n recopilamos apariciones en prensa escrita, entrevistas en radio, reportajes audiovisuales y cobertura de eventos, reflejando el impacto social y cultural del proyecto en Moguer y su entorno.\n  <\/p>\n  \n  <p style=\"text-align: justify;\">\n    Este archivo de prensa permite visualizar la repercusi\u00f3n de nuestras acciones y el valor que aportamos a la comunidad, as\u00ed como el alcance medi\u00e1tico generado para instituciones y entidades colaboradoras.\n  <\/p>\n\n  <h2 style=\"text-align: justify;\">\n    Archivo de prensa y medios del Liceo de Moguer\n  <\/h2>\n  \n  <p style=\"text-align: justify;\">\n    Consulta aqu\u00ed todos los contenidos relacionados con la actividad del Liceo de Moguer en medios de comunicaci\u00f3n: recortes de prensa, entrevistas, fotograf\u00edas y material audiovisual.\n  <\/p>\n\n  <p style=\"text-align: justify;\">\n    <strong>Moguer (Huelva) | Cultura, m\u00fasica y formaci\u00f3n art\u00edstica<\/strong>\n  <\/p>\n\n<\/section>\t\t\t\t\t\t<\/div>\n\t\t\t\t<\/div>\n\t\t\t\t\t<\/div>\n\t\t<\/div>\n\t\t\t\t\t\t\t<\/div>\n\t\t<\/section>\n\t\t\t\t<section class=\"elementor-section elementor-top-section elementor-element elementor-element-d00a77c elementor-section-boxed elementor-section-height-default elementor-section-height-default qodef-elementor-content-no\" data-id=\"d00a77c\" data-element_type=\"section\">\n\t\t\t\t\t\t<div class=\"elementor-container elementor-column-gap-default\">\n\t\t\t\t\t<div class=\"elementor-column elementor-col-100 elementor-top-column elementor-element elementor-element-17f1385\" data-id=\"17f1385\" data-element_type=\"column\">\n\t\t\t<div class=\"elementor-widget-wrap elementor-element-populated\">\n\t\t\t\t\t\t\t\t<div class=\"elementor-element elementor-element-cdab039 elementor-widget elementor-widget-spacer\" data-id=\"cdab039\" data-element_type=\"widget\" data-widget_type=\"spacer.default\">\n\t\t\t\t<div class=\"elementor-widget-container\">\n\t\t\t<style>\/*! elementor - v3.7.4 - 31-08-2022 *\/\n.elementor-column .elementor-spacer-inner{height:var(--spacer-size)}.e-container{--container-widget-width:100%}.e-container>.elementor-widget-spacer{width:var(--container-widget-width,var(--spacer-size));-ms-flex-item-align:stretch;align-self:stretch;-ms-flex-negative:0;flex-shrink:0}.e-container>.elementor-widget-spacer>.elementor-widget-container,.e-container>.elementor-widget-spacer>.elementor-widget-container>.elementor-spacer{height:100%}.e-container>.elementor-widget-spacer>.elementor-widget-container>.elementor-spacer>.elementor-spacer-inner{height:var(--container-widget-height,var(--spacer-size))}<\/style>\t\t<div class=\"elementor-spacer\">\n\t\t\t<div class=\"elementor-spacer-inner\"><\/div>\n\t\t<\/div>\n\t\t\t\t<\/div>\n\t\t\t\t<\/div>\n\t\t\t\t\t<\/div>\n\t\t<\/div>\n\t\t\t\t\t\t\t<\/div>\n\t\t<\/section>\n\t\t\t\t<section class=\"elementor-section elementor-top-section elementor-element elementor-element-5849a0e elementor-section-boxed elementor-section-height-default elementor-section-height-default qodef-elementor-content-no\" data-id=\"5849a0e\" data-element_type=\"section\">\n\t\t\t\t\t\t<div class=\"elementor-container elementor-column-gap-default\">\n\t\t\t\t\t<div class=\"elementor-column elementor-col-33 elementor-top-column elementor-element elementor-element-732325d\" data-id=\"732325d\" data-element_type=\"column\">\n\t\t\t<div class=\"elementor-widget-wrap elementor-element-populated\">\n\t\t\t\t\t\t\t\t<div class=\"elementor-element elementor-element-e21d195 elementor-view-default elementor-mobile-position-top elementor-vertical-align-top elementor-widget elementor-widget-icon-box\" data-id=\"e21d195\" data-element_type=\"widget\" data-widget_type=\"icon-box.default\">\n\t\t\t\t<div class=\"elementor-widget-container\">\n\t\t\t<link rel=\"stylesheet\" href=\"https:\/\/liceodemoguer.com\/wp-content\/plugins\/elementor\/assets\/css\/widget-icon-box.min.css\">\t\t<div class=\"elementor-icon-box-wrapper\">\n\t\t\t\t\t\t<div class=\"elementor-icon-box-icon\">\n\t\t\t\t<span class=\"elementor-icon elementor-animation-\" >\n\t\t\t\t<i aria-hidden=\"true\" class=\"far fa-newspaper\"><\/i>\t\t\t\t<\/span>\n\t\t\t<\/div>\n\t\t\t\t\t\t<div class=\"elementor-icon-box-content\">\n\t\t\t\t<h3 class=\"elementor-icon-box-title\">\n\t\t\t\t\t<span  >\n\t\t\t\t\t\tPrensa escrita\t\t\t\t\t<\/span>\n\t\t\t\t<\/h3>\n\t\t\t\t\t\t\t\t\t<p class=\"elementor-icon-box-description\">\n\t\t\t\t\t\tRecortes y publicaciones en medios que documentan la presencia y repercusi\u00f3n del Liceo de Moguer en prensa.\t\t\t\t\t<\/p>\n\t\t\t\t\t\t\t<\/div>\n\t\t<\/div>\n\t\t\t\t<\/div>\n\t\t\t\t<\/div>\n\t\t\t\t\t<\/div>\n\t\t<\/div>\n\t\t\t\t<div class=\"elementor-column elementor-col-33 elementor-top-column elementor-element elementor-element-4c05aa9\" data-id=\"4c05aa9\" data-element_type=\"column\">\n\t\t\t<div class=\"elementor-widget-wrap elementor-element-populated\">\n\t\t\t\t\t\t\t\t<div class=\"elementor-element elementor-element-99f6fd6 elementor-view-default elementor-mobile-position-top elementor-vertical-align-top elementor-widget elementor-widget-icon-box\" data-id=\"99f6fd6\" data-element_type=\"widget\" data-widget_type=\"icon-box.default\">\n\t\t\t\t<div class=\"elementor-widget-container\">\n\t\t\t\t\t<div class=\"elementor-icon-box-wrapper\">\n\t\t\t\t\t\t<div class=\"elementor-icon-box-icon\">\n\t\t\t\t<span class=\"elementor-icon elementor-animation-\" >\n\t\t\t\t<i aria-hidden=\"true\" class=\"fas fa-file-audio\"><\/i>\t\t\t\t<\/span>\n\t\t\t<\/div>\n\t\t\t\t\t\t<div class=\"elementor-icon-box-content\">\n\t\t\t\t<h3 class=\"elementor-icon-box-title\">\n\t\t\t\t\t<span  >\n\t\t\t\t\t\tRadio\t\t\t\t\t<\/span>\n\t\t\t\t<\/h3>\n\t\t\t\t\t\t\t\t\t<p class=\"elementor-icon-box-description\">\n\t\t\t\t\t\tEntrevistas y apariciones en emisoras donde el Liceo de Moguer comparte su actividad cultural, educativa y art\u00edstica.\t\t\t\t\t<\/p>\n\t\t\t\t\t\t\t<\/div>\n\t\t<\/div>\n\t\t\t\t<\/div>\n\t\t\t\t<\/div>\n\t\t\t\t\t<\/div>\n\t\t<\/div>\n\t\t\t\t<div class=\"elementor-column elementor-col-33 elementor-top-column elementor-element elementor-element-85249a4\" data-id=\"85249a4\" data-element_type=\"column\">\n\t\t\t<div class=\"elementor-widget-wrap elementor-element-populated\">\n\t\t\t\t\t\t\t\t<div class=\"elementor-element elementor-element-33c1e28 elementor-view-default elementor-mobile-position-top elementor-vertical-align-top elementor-widget elementor-widget-icon-box\" data-id=\"33c1e28\" data-element_type=\"widget\" data-widget_type=\"icon-box.default\">\n\t\t\t\t<div class=\"elementor-widget-container\">\n\t\t\t\t\t<div class=\"elementor-icon-box-wrapper\">\n\t\t\t\t\t\t<div class=\"elementor-icon-box-icon\">\n\t\t\t\t<span class=\"elementor-icon elementor-animation-\" >\n\t\t\t\t<i aria-hidden=\"true\" class=\"fas fa-tv\"><\/i>\t\t\t\t<\/span>\n\t\t\t<\/div>\n\t\t\t\t\t\t<div class=\"elementor-icon-box-content\">\n\t\t\t\t<h3 class=\"elementor-icon-box-title\">\n\t\t\t\t\t<span  >\n\t\t\t\t\t\tAudiovisual\t\t\t\t\t<\/span>\n\t\t\t\t<\/h3>\n\t\t\t\t\t\t\t\t\t<p class=\"elementor-icon-box-description\">\n\t\t\t\t\t\tReportajes, v\u00eddeos y contenidos audiovisuales que reflejan la actividad y el impacto del Liceo de Moguer en medios y eventos.\t\t\t\t\t<\/p>\n\t\t\t\t\t\t\t<\/div>\n\t\t<\/div>\n\t\t\t\t<\/div>\n\t\t\t\t<\/div>\n\t\t\t\t\t<\/div>\n\t\t<\/div>\n\t\t\t\t\t\t\t<\/div>\n\t\t<\/section>\n\t\t\t\t<section class=\"elementor-section elementor-top-section elementor-element elementor-element-39cbbcf elementor-section-boxed elementor-section-height-default elementor-section-height-default qodef-elementor-content-no\" data-id=\"39cbbcf\" data-element_type=\"section\">\n\t\t\t\t\t\t<div class=\"elementor-container elementor-column-gap-default\">\n\t\t\t\t\t<div class=\"elementor-column elementor-col-100 elementor-top-column elementor-element elementor-element-5a1232f\" data-id=\"5a1232f\" data-element_type=\"column\">\n\t\t\t<div class=\"elementor-widget-wrap elementor-element-populated\">\n\t\t\t\t\t\t\t\t<div class=\"elementor-element elementor-element-686ae72 elementor-widget elementor-widget-spacer\" data-id=\"686ae72\" data-element_type=\"widget\" data-widget_type=\"spacer.default\">\n\t\t\t\t<div class=\"elementor-widget-container\">\n\t\t\t\t\t<div class=\"elementor-spacer\">\n\t\t\t<div class=\"elementor-spacer-inner\"><\/div>\n\t\t<\/div>\n\t\t\t\t<\/div>\n\t\t\t\t<\/div>\n\t\t\t\t\t<\/div>\n\t\t<\/div>\n\t\t\t\t\t\t\t<\/div>\n\t\t<\/section>\n\t\t\t\t<section class=\"elementor-section elementor-top-section elementor-element elementor-element-2c85850 elementor-section-boxed elementor-section-height-default elementor-section-height-default qodef-elementor-content-no\" data-id=\"2c85850\" data-element_type=\"section\">\n\t\t\t\t\t\t<div class=\"elementor-container elementor-column-gap-default\">\n\t\t\t\t\t<div class=\"elementor-column elementor-col-100 elementor-top-column elementor-element elementor-element-7a4db71\" data-id=\"7a4db71\" data-element_type=\"column\">\n\t\t\t<div class=\"elementor-widget-wrap elementor-element-populated\">\n\t\t\t\t\t\t\t\t<div class=\"elementor-element elementor-element-8d6b425 elementor-aspect-ratio-169 elementor-widget elementor-widget-video\" data-id=\"8d6b425\" data-element_type=\"widget\" data-settings=\"{&quot;video_type&quot;:&quot;hosted&quot;,&quot;controls&quot;:&quot;yes&quot;,&quot;aspect_ratio&quot;:&quot;169&quot;}\" data-widget_type=\"video.default\">\n\t\t\t\t<div class=\"elementor-widget-container\">\n\t\t\t<style>\/*! elementor - v3.7.4 - 31-08-2022 *\/\n.elementor-widget-video .elementor-widget-container{overflow:hidden;-webkit-transform:translateZ(0);transform:translateZ(0)}.elementor-widget-video .elementor-open-inline .elementor-custom-embed-image-overlay{position:absolute;top:0;left:0;width:100%;height:100%;background-size:cover;background-position:50%}.elementor-widget-video .elementor-custom-embed-image-overlay{cursor:pointer;text-align:center}.elementor-widget-video .elementor-custom-embed-image-overlay:hover .elementor-custom-embed-play i{opacity:1}.elementor-widget-video .elementor-custom-embed-image-overlay img{display:block;width:100%}.elementor-widget-video .e-hosted-video .elementor-video{-o-object-fit:cover;object-fit:cover}.e-container>.elementor-widget-video{width:var(--container-widget-width,100%)}<\/style>\t\t<div class=\"e-hosted-video elementor-wrapper elementor-fit-aspect-ratio elementor-open-inline\">\n\t\t\t\t\t<video class=\"elementor-video\" src=\"http:\/\/liceodemoguer.com\/wp-content\/uploads\/2026\/03\/Liceo-de-Moguer-Got-Talent.mp4\" controls=\"\" controlsList=\"nodownload\"><\/video>\n\t\t\t\t<\/div>\n\t\t\t\t<\/div>\n\t\t\t\t<\/div>\n\t\t\t\t\t<\/div>\n\t\t<\/div>\n\t\t\t\t\t\t\t<\/div>\n\t\t<\/section>\n\t\t\t\t\t\t\t<\/div>\n\t\t","protected":false},"excerpt":{"rendered":"<p>Prensa del Liceo de Moguer: impacto en medios y repercusi\u00f3n cultural Presencia en prensa, entrevistas y cobertura medi\u00e1tica del Liceo de Moguer en Huelva y provincia El Liceo de Moguer desarrolla una intensa actividad cultural, educativa y art\u00edstica que ha generado una destacada presencia en medios de comunicaci\u00f3n. En esta secci\u00f3n recopilamos apariciones en prensa [&hellip;]<\/p>\n","protected":false},"author":1,"featured_media":0,"parent":0,"menu_order":0,"comment_status":"closed","ping_status":"closed","template":"","meta":{"footnotes":""},"class_list":["post-4353","page","type-page","status-publish","hentry"],"yoast_head":"<!-- This site is optimized with the Yoast SEO plugin v23.3 - https:\/\/yoast.com\/wordpress\/plugins\/seo\/ -->\n<title>Prensa Liceo de Moguer - Liceo de Moguer<\/title>\n<meta name=\"robots\" content=\"index, follow, max-snippet:-1, max-image-preview:large, max-video-preview:-1\" \/>\n<link rel=\"canonical\" href=\"https:\/\/liceodemoguer.com\/index.php\/prensa-liceo-de-moguer\/\" \/>\n<meta property=\"og:locale\" content=\"es_ES\" \/>\n<meta property=\"og:type\" content=\"article\" \/>\n<meta property=\"og:title\" content=\"Prensa Liceo de Moguer - Liceo de Moguer\" \/>\n<meta property=\"og:description\" content=\"Prensa del Liceo de Moguer: impacto en medios y repercusi\u00f3n cultural Presencia en prensa, entrevistas y cobertura medi\u00e1tica del Liceo de Moguer en Huelva y provincia El Liceo de Moguer desarrolla una intensa actividad cultural, educativa y art\u00edstica que ha generado una destacada presencia en medios de comunicaci\u00f3n. En esta secci\u00f3n recopilamos apariciones en prensa [&hellip;]\" \/>\n<meta property=\"og:url\" content=\"https:\/\/liceodemoguer.com\/index.php\/prensa-liceo-de-moguer\/\" \/>\n<meta property=\"og:site_name\" content=\"Liceo de Moguer\" \/>\n<meta property=\"article:modified_time\" content=\"2026-03-23T11:41:40+00:00\" \/>\n<meta name=\"twitter:card\" content=\"summary_large_image\" \/>\n<meta name=\"twitter:label1\" content=\"Tiempo de lectura\" \/>\n\t<meta name=\"twitter:data1\" content=\"1 minuto\" \/>\n<script type=\"application\/ld+json\" class=\"yoast-schema-graph\">{\"@context\":\"https:\/\/schema.org\",\"@graph\":[{\"@type\":\"WebPage\",\"@id\":\"https:\/\/liceodemoguer.com\/index.php\/prensa-liceo-de-moguer\/\",\"url\":\"https:\/\/liceodemoguer.com\/index.php\/prensa-liceo-de-moguer\/\",\"name\":\"Prensa Liceo de Moguer - Liceo de Moguer\",\"isPartOf\":{\"@id\":\"http:\/\/liceodemoguer.com\/#website\"},\"datePublished\":\"2026-03-23T11:37:54+00:00\",\"dateModified\":\"2026-03-23T11:41:40+00:00\",\"breadcrumb\":{\"@id\":\"https:\/\/liceodemoguer.com\/index.php\/prensa-liceo-de-moguer\/#breadcrumb\"},\"inLanguage\":\"es\",\"potentialAction\":[{\"@type\":\"ReadAction\",\"target\":[\"https:\/\/liceodemoguer.com\/index.php\/prensa-liceo-de-moguer\/\"]}]},{\"@type\":\"BreadcrumbList\",\"@id\":\"https:\/\/liceodemoguer.com\/index.php\/prensa-liceo-de-moguer\/#breadcrumb\",\"itemListElement\":[{\"@type\":\"ListItem\",\"position\":1,\"name\":\"Portada\",\"item\":\"http:\/\/liceodemoguer.com\/\"},{\"@type\":\"ListItem\",\"position\":2,\"name\":\"Prensa Liceo de Moguer\"}]},{\"@type\":\"WebSite\",\"@id\":\"http:\/\/liceodemoguer.com\/#website\",\"url\":\"http:\/\/liceodemoguer.com\/\",\"name\":\"Liceo de Moguer\",\"description\":\"Escuela Integral de Artes Esc\u00e9nicas\",\"potentialAction\":[{\"@type\":\"SearchAction\",\"target\":{\"@type\":\"EntryPoint\",\"urlTemplate\":\"http:\/\/liceodemoguer.com\/?s={search_term_string}\"},\"query-input\":\"required name=search_term_string\"}],\"inLanguage\":\"es\"}]}<\/script>\n<!-- \/ Yoast SEO plugin. -->","yoast_head_json":{"title":"Prensa Liceo de Moguer - Liceo de Moguer","robots":{"index":"index","follow":"follow","max-snippet":"max-snippet:-1","max-image-preview":"max-image-preview:large","max-video-preview":"max-video-preview:-1"},"canonical":"https:\/\/liceodemoguer.com\/index.php\/prensa-liceo-de-moguer\/","og_locale":"es_ES","og_type":"article","og_title":"Prensa Liceo de Moguer - Liceo de Moguer","og_description":"Prensa del Liceo de Moguer: impacto en medios y repercusi\u00f3n cultural Presencia en prensa, entrevistas y cobertura medi\u00e1tica del Liceo de Moguer en Huelva y provincia El Liceo de Moguer desarrolla una intensa actividad cultural, educativa y art\u00edstica que ha generado una destacada presencia en medios de comunicaci\u00f3n. En esta secci\u00f3n recopilamos apariciones en prensa [&hellip;]","og_url":"https:\/\/liceodemoguer.com\/index.php\/prensa-liceo-de-moguer\/","og_site_name":"Liceo de Moguer","article_modified_time":"2026-03-23T11:41:40+00:00","twitter_card":"summary_large_image","twitter_misc":{"Tiempo de lectura":"1 minuto"},"schema":{"@context":"https:\/\/schema.org","@graph":[{"@type":"WebPage","@id":"https:\/\/liceodemoguer.com\/index.php\/prensa-liceo-de-moguer\/","url":"https:\/\/liceodemoguer.com\/index.php\/prensa-liceo-de-moguer\/","name":"Prensa Liceo de Moguer - Liceo de Moguer","isPartOf":{"@id":"http:\/\/liceodemoguer.com\/#website"},"datePublished":"2026-03-23T11:37:54+00:00","dateModified":"2026-03-23T11:41:40+00:00","breadcrumb":{"@id":"https:\/\/liceodemoguer.com\/index.php\/prensa-liceo-de-moguer\/#breadcrumb"},"inLanguage":"es","potentialAction":[{"@type":"ReadAction","target":["https:\/\/liceodemoguer.com\/index.php\/prensa-liceo-de-moguer\/"]}]},{"@type":"BreadcrumbList","@id":"https:\/\/liceodemoguer.com\/index.php\/prensa-liceo-de-moguer\/#breadcrumb","itemListElement":[{"@type":"ListItem","position":1,"name":"Portada","item":"http:\/\/liceodemoguer.com\/"},{"@type":"ListItem","position":2,"name":"Prensa Liceo de Moguer"}]},{"@type":"WebSite","@id":"http:\/\/liceodemoguer.com\/#website","url":"http:\/\/liceodemoguer.com\/","name":"Liceo de Moguer","description":"Escuela Integral de Artes Esc\u00e9nicas","potentialAction":[{"@type":"SearchAction","target":{"@type":"EntryPoint","urlTemplate":"http:\/\/liceodemoguer.com\/?s={search_term_string}"},"query-input":"required name=search_term_string"}],"inLanguage":"es"}]}},"_links":{"self":[{"href":"https:\/\/liceodemoguer.com\/index.php\/wp-json\/wp\/v2\/pages\/4353","targetHints":{"allow":["GET"]}}],"collection":[{"href":"https:\/\/liceodemoguer.com\/index.php\/wp-json\/wp\/v2\/pages"}],"about":[{"href":"https:\/\/liceodemoguer.com\/index.php\/wp-json\/wp\/v2\/types\/page"}],"author":[{"embeddable":true,"href":"https:\/\/liceodemoguer.com\/index.php\/wp-json\/wp\/v2\/users\/1"}],"replies":[{"embeddable":true,"href":"https:\/\/liceodemoguer.com\/index.php\/wp-json\/wp\/v2\/comments?post=4353"}],"version-history":[{"count":4,"href":"https:\/\/liceodemoguer.com\/index.php\/wp-json\/wp\/v2\/pages\/4353\/revisions"}],"predecessor-version":[{"id":4359,"href":"https:\/\/liceodemoguer.com\/index.php\/wp-json\/wp\/v2\/pages\/4353\/revisions\/4359"}],"wp:attachment":[{"href":"https:\/\/liceodemoguer.com\/index.php\/wp-json\/wp\/v2\/media?parent=4353"}],"curies":[{"name":"wp","href":"https:\/\/api.w.org\/{rel}","templated":true}]}}